{"id":1637,"date":"2024-09-10T12:28:30","date_gmt":"2024-09-10T12:28:30","guid":{"rendered":"https:\/\/www.peanutoem.com\/?post_type=product&#038;p=1637"},"modified":"2024-10-06T09:58:03","modified_gmt":"2024-10-06T09:58:03","slug":"spicy-peanut-butter","status":"publish","type":"product","link":"https:\/\/www.peanutoem.com\/vi\/manufacturer\/spicy-peanut-butter\/","title":{"rendered":"B\u01a1 \u0111\u1eadu ph\u1ed9ng cay"},"content":{"rendered":"<h3>B\u01a1 \u0111\u1eadu ph\u1ed9ng cay l\u00e0 g\u00ec?<\/h3>\n<p>B\u01a1 \u0111\u1eadu ph\u1ed9ng cay l\u00e0 m\u1ed9t h\u01b0\u01a1ng v\u1ecb m\u1edbi l\u1ea1 c\u1ee7a b\u01a1 \u0111\u1eadu ph\u1ed9ng truy\u1ec1n th\u1ed1ng, k\u1ebft h\u1ee3p k\u1ebft c\u1ea5u kem ho\u1eb7c gi\u00f2n c\u1ee7a \u0111\u1eadu ph\u1ed9ng v\u1edbi m\u1ed9t ch\u00fat cay t\u1eeb c\u00e1c lo\u1ea1i gia v\u1ecb nh\u01b0 <a href=\"https:\/\/en.wikipedia.org\/wiki\/Chili\" target=\"_blank\" rel=\"noopener\">\u1edbt<\/a>, \u1edbt b\u1ed9t paprika ho\u1eb7c \u1edbt cayenne. Th\u00edch h\u1ee3p cho nh\u1eefng ai th\u00edch k\u1ebft h\u1ee3p h\u01b0\u01a1ng v\u1ecb ng\u1ecdt v\u00e0 cay, t\u0103ng th\u00eam s\u1ef1 th\u00fa v\u1ecb cho \u0111\u1ed3 \u0103n nh\u1eb9, b\u00e1nh sandwich v\u00e0 c\u00f4ng th\u1ee9c n\u1ea5u \u0103n. Cho d\u00f9 \u0111\u01b0\u1ee3c d\u00f9ng l\u00e0m n\u01b0\u1edbc ch\u1ea5m, ph\u1ebft hay nguy\u00ean li\u1ec7u, b\u01a1 \u0111\u1eadu ph\u1ed9ng cay \u0111ang tr\u1edf th\u00e0nh l\u1ef1a ch\u1ecdn ph\u1ed5 bi\u1ebfn trong gi\u1edbi \u0111am m\u00ea \u1ea9m th\u1ef1c.<\/p>\n<p><img loading=\"lazy\" decoding=\"async\" class=\"alignnone wp-image-1675 size-full\" src=\"https:\/\/www.peanutoem.com\/wp-content\/uploads\/2024\/09\/Spicy-Peanut-Butter-on-Table.webp\" alt=\"B\u01a1 \u0111\u1eadu ph\u1ed9ng cay tr\u00ean b\u00e0n\" width=\"912\" height=\"1144\" srcset=\"https:\/\/www.peanutoem.com\/wp-content\/uploads\/2024\/09\/Spicy-Peanut-Butter-on-Table.webp 912w, https:\/\/www.peanutoem.com\/wp-content\/uploads\/2024\/09\/Spicy-Peanut-Butter-on-Table-239x300.webp 239w, https:\/\/www.peanutoem.com\/wp-content\/uploads\/2024\/09\/Spicy-Peanut-Butter-on-Table-816x1024.webp 816w, https:\/\/www.peanutoem.com\/wp-content\/uploads\/2024\/09\/Spicy-Peanut-Butter-on-Table-768x963.webp 768w, https:\/\/www.peanutoem.com\/wp-content\/uploads\/2024\/09\/Spicy-Peanut-Butter-on-Table-10x12.webp 10w, https:\/\/www.peanutoem.com\/wp-content\/uploads\/2024\/09\/Spicy-Peanut-Butter-on-Table-600x753.webp 600w\" sizes=\"auto, (max-width: 912px) 100vw, 912px\" \/><\/p>\n<h3>T\u00ean g\u1ecdi kh\u00e1c c\u1ee7a b\u01a1 \u0111\u1eadu ph\u1ed9ng cay l\u00e0 g\u00ec?<\/h3>\n<p>B\u01a1 \u0111\u1eadu ph\u1ed9ng cay c\u00f3 th\u1ec3 c\u00f3 nhi\u1ec1u t\u00ean g\u1ecdi kh\u00e1c nhau t\u00f9y thu\u1ed9c v\u00e0o v\u00f9ng mi\u1ec1n v\u00e0 h\u01b0\u01a1ng v\u1ecb. Nh\u1eefng t\u00ean g\u1ecdi n\u00e0y l\u00e0m n\u1ed5i b\u1eadt th\u00e0nh ph\u1ea7n cay, gi\u00fap ng\u01b0\u1eddi ti\u00eau d\u00f9ng to\u00e0n c\u1ea7u d\u1ec5 hi\u1ec3u h\u01a1n v\u1ec1 s\u1ee9c h\u1ea5p d\u1eabn \u0111\u1ed9c \u0111\u00e1o c\u1ee7a n\u00f3. M\u1ed9t s\u1ed1 t\u00ean g\u1ecdi kh\u00e1c bao g\u1ed3m:<\/p>\n<ul>\n<li>B\u01a1 \u0111\u1eadu ph\u1ed9ng n\u00f3ng<\/li>\n<li>B\u01a1 \u0111\u1eadu ph\u1ed9ng ng\u00e2m \u1edbt<\/li>\n<li>B\u01a1 \u0111\u1eadu ph\u1ed9ng cay<\/li>\n<li>B\u01a1 h\u1ea1t cay<\/li>\n<li>B\u01a1 \u0111\u1eadu ph\u1ed9ng cay<\/li>\n<\/ul>\n<p><span style=\"font-size: 20.16px;\">Ch\u1ee7 \u0111\u1ec1 n\u00f3ng<\/span><\/p>\n<ul>\n<li><strong>Kh\u00e1m ph\u00e1 c\u00f4ng th\u1ee9c l\u00e0m b\u01a1 \u0111\u1eadu ph\u1ed9ng cay<\/strong><br \/>\nB\u01a1 \u0111\u1eadu ph\u1ed9ng cay l\u00e0 m\u1ed9t ngu\u1ed3n n\u0103ng l\u01b0\u1ee3ng s\u00e1ng t\u1ea1o trong nh\u00e0 b\u1ebfp, kh\u00f4ng ch\u1ec9 \u0111\u00f3ng vai tr\u00f2 l\u00e0 m\u1ed9t lo\u1ea1i n\u01b0\u1edbc s\u1ed1t c\u00f3 h\u01b0\u01a1ng v\u1ecb m\u00e0 c\u00f2n t\u1ecfa s\u00e1ng trong nhi\u1ec1u m\u00f3n \u0103n kh\u00e1c nhau. N\u00f3 th\u00eam m\u1ed9t ch\u00fat cay n\u1ed3ng cho c\u00e1c m\u00f3n x\u00e0o ki\u1ec3u \u00c1, t\u0103ng h\u01b0\u01a1ng v\u1ecb cho c\u00e1c m\u00f3n chi\u00ean v\u00e0 th\u1ecbt n\u01b0\u1edbng, v\u00e0 ho\u1ea1t \u0111\u1ed9ng nh\u01b0 m\u1ed9t lo\u1ea1i n\u01b0\u1edbc x\u1ed1t \u01b0\u1edbp truy\u1ec1n v\u00e0o c\u00e1c nguy\u00ean li\u1ec7u nh\u1eefng \u0111i\u1ec1u b\u1ea5t ng\u1edd th\u00fa v\u1ecb. T\u1eeb b\u00e1nh m\u00ec n\u01b0\u1edbng cay v\u00e0o b\u1eefa s\u00e1ng \u0111\u1ebfn m\u00ec m\u1eb7n v\u00e0o b\u1eefa t\u1ed1i, m\u1ed7i m\u00f3n \u0103n \u0111\u1ec1u t\u1ecfa ra s\u1ee9c h\u1ea5p d\u1eabn \u0111\u1ed9c \u0111\u00e1o nh\u1edd th\u00e0nh ph\u1ea7n n\u00e0y.<\/li>\n<li><strong>L\u1ee3i \u00edch s\u1ee9c kh\u1ecfe \u0111\u1eb1ng sau h\u01b0\u01a1ng v\u1ecb<\/strong><br \/>\nM\u00f3n \u0103n ngon n\u00e0y c\u0169ng l\u00e0 kho t\u00e0ng dinh d\u01b0\u1ee1ng. H\u00e0m l\u01b0\u1ee3ng protein cao v\u00e0 ch\u1ea5t b\u00e9o l\u00e0nh m\u1ea1nh cung c\u1ea5p n\u0103ng l\u01b0\u1ee3ng cho c\u01a1 th\u1ec3, trong khi capsaicin k\u00edch th\u00edch kh\u1ea9u v\u1ecb v\u00e0 h\u1ed7 tr\u1ee3 ti\u00eau h\u00f3a. H\u01a1n n\u1eefa, n\u00f3 h\u1ed7 tr\u1ee3 qu\u00e1 tr\u00ecnh trao \u0111\u1ed5i ch\u1ea5t v\u00e0 s\u1ee9c kh\u1ecfe tim m\u1ea1ch, k\u1ebft h\u1ee3p hi\u1ec7u qu\u1ea3 h\u01b0\u01a1ng v\u1ecb v\u00e0 s\u1ee9c kh\u1ecfe.<\/li>\n<li><strong>K\u1ebft h\u1ee3p n\u00f3 v\u00e0o c\u00e1c b\u1eefa \u0103n h\u00e0ng ng\u00e0y<\/strong><br \/>\nK\u1ebft h\u1ee3p b\u01a1 \u0111\u1eadu ph\u1ed9ng cay v\u00e0o ch\u1ebf \u0111\u1ed9 \u0103n u\u1ed1ng h\u00e0ng ng\u00e0y c\u1ee7a b\u1ea1n v\u1eeba d\u1ec5 d\u00e0ng v\u1eeba th\u00fa v\u1ecb. N\u00f3 l\u00e0 ng\u01b0\u1eddi b\u1ea1n \u0111\u1ed3ng h\u00e0nh ho\u00e0n h\u1ea3o cho b\u00e1nh m\u00ec n\u01b0\u1edbng \u0103n s\u00e1ng, th\u00eam h\u01b0\u01a1ng v\u1ecb cho sinh t\u1ed1 bu\u1ed5i chi\u1ec1u v\u00e0 l\u00e0m t\u0103ng h\u01b0\u01a1ng v\u1ecb cho m\u00f3n burrito \u0103n t\u1ed1i, mang \u0111\u1ebfn h\u01b0\u01a1ng v\u1ecb t\u01b0\u01a1i m\u1edbi cho m\u1ecdi b\u1eefa \u0103n.<\/li>\n<li><strong>M\u1ed9t xu h\u01b0\u1edbng to\u00e0n c\u1ea7u \u0111ang gia t\u0103ng<\/strong><br \/>\nB\u01a1 \u0111\u1eadu ph\u1ed9ng cay \u0111ang nhanh ch\u00f3ng n\u1ed5i l\u00ean nh\u01b0 m\u1ed9t ng\u00f4i sao xuy\u00ean bi\u00ean gi\u1edbi. Khi kh\u1ea9u v\u1ecb c\u1ee7a th\u1ef1c kh\u00e1ch \u0111a d\u1ea1ng, n\u00f3 v\u01b0\u1ee3t qua ranh gi\u1edbi khu v\u1ef1c, thu h\u00fat ng\u01b0\u1eddi h\u00e2m m\u1ed9 tr\u00ean to\u00e0n th\u1ebf gi\u1edbi. S\u1ef1 lan t\u1ecfa n\u00e0y d\u1eabn \u0111\u1ea7u trong vi\u1ec7c kh\u00e1m ph\u00e1 h\u01b0\u01a1ng v\u1ecb, thu h\u00fat nh\u1eefng ng\u01b0\u1eddi \u0103n u\u1ed1ng th\u00edch phi\u00eau l\u01b0u, h\u00e1o h\u1ee9c th\u1eed m\u1ed9t c\u00e1i g\u00ec \u0111\u00f3 m\u1edbi.<\/li>\n<\/ul>\n<hr \/>\n<h3>C\u00e2u h\u1ecfi th\u01b0\u1eddng g\u1eb7p v\u1ec1 b\u01a1 \u0111\u1eadu ph\u1ed9ng cay<\/h3>\n<ol>\n<li><strong>T\u1ea1i sao n\u00ean ch\u1ecdn ch\u00fang t\u00f4i cho nhu c\u1ea7u b\u01a1 \u0111\u1eadu ph\u1ed9ng cay c\u1ee7a b\u1ea1n?<\/strong><br \/>\nCh\u00fang t\u00f4i cung c\u1ea5p d\u1ecbch v\u1ee5 OEM to\u00e0n di\u1ec7n v\u1edbi c\u00e1c t\u00f9y ch\u1ecdn t\u00f9y ch\u1ec9nh \u0111\u1ea7y \u0111\u1ee7, \u0111\u1ea3m b\u1ea3o m\u1ed7i s\u1ea3n ph\u1ea9m \u0111\u1ec1u ph\u00f9 h\u1ee3p ho\u00e0n h\u1ea3o v\u1edbi t\u1ea7m nh\u00ecn th\u01b0\u01a1ng hi\u1ec7u v\u00e0 nhu c\u1ea7u th\u1ecb tr\u01b0\u1eddng c\u1ee7a b\u1ea1n.<\/li>\n<li><strong>B\u1ea1n c\u00f3 th\u1ec3 \u0111i\u1ec1u ch\u1ec9nh m\u1ee9c \u0111\u1ed9 cay v\u00e0 t\u1ea1o ra c\u00f4ng th\u1ee9c \u0111\u1ed9c quy\u1ec1n kh\u00f4ng?<\/strong><br \/>\nCh\u1eafc ch\u1eafn r\u1ed3i! Ch\u00fang t\u00f4i c\u00f3 th\u1ec3 \u0111i\u1ec1u ch\u1ec9nh \u0111\u1ed9 cay t\u1eeb nh\u1eb9 \u0111\u1ebfn c\u1ef1c cay v\u00e0 ph\u00e1t tri\u1ec3n c\u00e1c c\u00f4ng th\u1ee9c \u0111\u1ed9c \u0111\u00e1o d\u00e0nh ri\u00eang cho th\u01b0\u01a1ng hi\u1ec7u c\u1ee7a b\u1ea1n.<\/li>\n<li><strong>B\u1ea1n cung c\u1ea5p nh\u1eefng l\u1ef1a ch\u1ecdn \u0111\u00f3ng g\u00f3i v\u00e0 ch\u1ee9ng nh\u1eadn n\u00e0o?<\/strong><br \/>\nCh\u00fang t\u00f4i cung c\u1ea5p nhi\u1ec1u gi\u1ea3i ph\u00e1p \u0111\u00f3ng g\u00f3i kh\u00e1c nhau\u2014l\u1ecd, chai, h\u1ed9p c\u00e1c t\u00f4ng, th\u00f9ng, x\u00f4, t\u00fai b\u00f3p v\u00e0 th\u00f9ng ch\u1ee9a l\u1edbn\u2014t\u1ea5t c\u1ea3 \u0111\u1ec1u c\u00f3 th\u1ec3 t\u00f9y ch\u1ec9nh \u0111\u1ec3 ph\u00f9 h\u1ee3p v\u1edbi th\u01b0\u01a1ng hi\u1ec7u c\u1ee7a b\u1ea1n. Ngo\u00e0i ra, ch\u00fang t\u00f4i c\u00f3 c\u00e1c ch\u1ee9ng nh\u1eadn nh\u01b0 HACCP, Kosher, Halal v\u00e0 BRCGS, \u0111\u1ea3m b\u1ea3o s\u1ea3n ph\u1ea9m c\u1ee7a ch\u00fang t\u00f4i \u0111\u00e1p \u1ee9ng c\u00e1c ti\u00eau chu\u1ea9n qu\u1ed1c t\u1ebf.<\/li>\n<li><strong>B\u1ea1n c\u00f3 cung c\u1ea5p b\u01a1 \u0111\u1eadu ph\u1ed9ng cay h\u1eefu c\u01a1 v\u00e0 c\u00e1c l\u00f4 h\u00e0ng m\u1eabu kh\u00f4ng?<\/strong><br \/>\nC\u00f3, ch\u00fang t\u00f4i s\u1ea3n xu\u1ea5t b\u01a1 \u0111\u1eadu ph\u1ed9ng cay \u0111\u1ea1t ch\u1ee9ng nh\u1eadn h\u1eefu c\u01a1 EU \u0111\u01b0\u1ee3c l\u00e0m t\u1eeb c\u00e1c th\u00e0nh ph\u1ea7n t\u1ef1 nhi\u00ean d\u00e0nh cho ng\u01b0\u1eddi ti\u00eau d\u00f9ng quan t\u00e2m \u0111\u1ebfn s\u1ee9c kh\u1ecfe. Ngo\u00e0i ra, ch\u00fang t\u00f4i cung c\u1ea5p c\u00e1c l\u00f4 m\u1eabu \u0111\u1ec3 b\u1ea1n c\u00f3 th\u1ec3 d\u00f9ng th\u1eed s\u1ea3n ph\u1ea9m tr\u01b0\u1edbc khi \u0111\u1eb7t h\u00e0ng s\u1ed1 l\u01b0\u1ee3ng l\u1edbn.<\/li>\n<li><strong>B\u1ea1n \u0111\u1ea3m b\u1ea3o ch\u1ea5t l\u01b0\u1ee3ng nh\u01b0 th\u1ebf n\u00e0o v\u00e0 th\u1eddi gian ho\u00e0n th\u00e0nh l\u00e0 bao l\u00e2u?<\/strong><br \/>\nVi\u1ec7c th\u1eed nghi\u1ec7m nghi\u00eam ng\u1eb7t t\u1ea1i ph\u00f2ng th\u00ed nghi\u1ec7m n\u1ed9i b\u1ed9 c\u1ee7a ch\u00fang t\u00f4i, k\u1ebft h\u1ee3p v\u1edbi h\u1eadu c\u1ea7n hi\u1ec7u qu\u1ea3, \u0111\u1ea3m b\u1ea3o ch\u1ea5t l\u01b0\u1ee3ng \u0111\u1ed3ng nh\u1ea5t. Ch\u00fang t\u00f4i c\u0169ng \u0111\u1ea3m b\u1ea3o th\u1eddi gian x\u1eed l\u00fd nhanh ch\u00f3ng d\u1ef1a tr\u00ean kh\u1ed1i l\u01b0\u1ee3ng \u0111\u01a1n h\u00e0ng v\u00e0 \u0111i\u1ec3m \u0111\u1ebfn.<\/li>\n<li><strong>B\u1ea1n c\u00f3 xu\u1ea5t kh\u1ea9u to\u00e0n c\u1ea7u kh\u00f4ng?<\/strong><br \/>\nC\u00f3, ch\u00fang t\u00f4i c\u00f3 nhi\u1ec1u kinh nghi\u1ec7m trong xu\u1ea5t kh\u1ea9u tr\u00ean to\u00e0n c\u1ea7u, qu\u1ea3n l\u00fd m\u1ecdi th\u1ee7 t\u1ee5c gi\u1ea5y t\u1edd v\u00e0 quy \u0111\u1ecbnh c\u1ea7n thi\u1ebft \u0111\u1ec3 \u0111\u1ea3m b\u1ea3o giao h\u00e0ng su\u00f4n s\u1ebb.<\/li>\n<\/ol>\n<hr \/>\n<h3><img loading=\"lazy\" decoding=\"async\" class=\"alignnone wp-image-1677 size-full\" src=\"https:\/\/www.peanutoem.com\/wp-content\/uploads\/2024\/09\/Spicy-Peanut-Butter-Spread-on-Food.webp\" alt=\"B\u01a1 \u0111\u1eadu ph\u1ed9ng cay ph\u1ebft l\u00ean th\u1ee9c \u0103n\" width=\"896\" height=\"1152\" srcset=\"https:\/\/www.peanutoem.com\/wp-content\/uploads\/2024\/09\/Spicy-Peanut-Butter-Spread-on-Food.webp 896w, https:\/\/www.peanutoem.com\/wp-content\/uploads\/2024\/09\/Spicy-Peanut-Butter-Spread-on-Food-233x300.webp 233w, https:\/\/www.peanutoem.com\/wp-content\/uploads\/2024\/09\/Spicy-Peanut-Butter-Spread-on-Food-796x1024.webp 796w, https:\/\/www.peanutoem.com\/wp-content\/uploads\/2024\/09\/Spicy-Peanut-Butter-Spread-on-Food-768x987.webp 768w, https:\/\/www.peanutoem.com\/wp-content\/uploads\/2024\/09\/Spicy-Peanut-Butter-Spread-on-Food-9x12.webp 9w, https:\/\/www.peanutoem.com\/wp-content\/uploads\/2024\/09\/Spicy-Peanut-Butter-Spread-on-Food-600x771.webp 600w\" sizes=\"auto, (max-width: 896px) 100vw, 896px\" \/><\/h3>\n<a href=\"mailto:globepeanut@gmail.com\" class=\"button primary is-primary is-medium\"  >\n    <span>G\u1eedi Email Cho Ch\u00fang T\u00f4i<\/span>\n  <\/a>","protected":false},"excerpt":{"rendered":"<table width=\"564\">\n<tbody>\n<tr>\n<td width=\"113\"><strong>T\u00ean s\u1ea3n ph\u1ea9m<\/strong><\/td>\n<td width=\"402\">B\u01a1 \u0111\u1eadu ph\u1ed9ng cay<\/td>\n<\/tr>\n<tr>\n<td width=\"113\"><strong>Th\u00f4ng s\u1ed1 k\u1ef9 thu\u1eadt<\/strong><\/td>\n<td width=\"402\">200gx36, 227gx24, 340gx12, 375gx12, 500gx12, 510gx12, 1kgx12, 10kgx1, 20kgx1, 220kgx1<\/td>\n<\/tr>\n<tr>\n<td width=\"113\"><strong>Bi\u1ec3u m\u1eabu \u0111\u00f3ng g\u00f3i<\/strong><\/td>\n<td width=\"402\">H\u0169, X\u00f4, G\u00f3i Doy, T\u00fai, Th\u00f9ng c\u00e1c t\u00f4ng, Thi\u1ebfc, Th\u00f9ng, Lon, Chai, v.v.<\/td>\n<\/tr>\n<tr>\n<td width=\"113\"><strong>Th\u1eddi gian giao h\u00e0ng<\/strong><\/td>\n<td width=\"402\">7~20 ng\u00e0y sau khi \u0111\u1eb7t h\u00e0ng<\/td>\n<\/tr>\n<tr>\n<td width=\"113\"><strong>S\u1ed1 l\u01b0\u1ee3ng \u0111\u1eb7t h\u00e0ng t\u1ed1i thi\u1ec3u<\/strong><\/td>\n<td width=\"402\">M\u1ed9t t\u1ea5n<\/td>\n<\/tr>\n<tr>\n<td width=\"113\"><strong>V\u1eadt m\u1eabu<\/strong><\/td>\n<td width=\"402\">M\u1eabu mi\u1ec5n ph\u00ed c\u00f3 s\u1eb5n<\/td>\n<\/tr>\n<tr>\n<td width=\"113\"><strong>OEM<\/strong><\/td>\n<td width=\"402\">Nh\u00e3n c\u1ee7a ng\u01b0\u1eddi mua \u0111\u01b0\u1ee3c ch\u1ea5p nh\u1eadn<\/td>\n<\/tr>\n<\/tbody>\n<\/table>","protected":false},"featured_media":1668,"comment_status":"open","ping_status":"closed","template":"","meta":[],"product_cat":[15],"product_tag":[],"class_list":{"0":"post-1637","1":"product","2":"type-product","3":"status-publish","4":"has-post-thumbnail","6":"product_cat-peanut-butter","8":"first","9":"instock","10":"shipping-taxable","11":"product-type-simple"},"yoast_head":"<!-- This site is optimized with the Yoast SEO plugin v24.9 - https:\/\/yoast.com\/wordpress\/plugins\/seo\/ -->\n<title>Spicy Peanut Butter China Manufacturer OEM - Peanut Butter Factory<\/title>\n<meta name=\"description\" content=\"Leading spicy peanut butter OEM private label manufacturer and exporter. Order your premium quality, custom-made spicy peanut butter.\" \/>\n<meta name=\"robots\" content=\"index, follow, max-snippet:-1, max-image-preview:large, max-video-preview:-1\" \/>\n<link rel=\"canonical\" href=\"https:\/\/www.peanutoem.com\/vi\/manufacturer\/spicy-peanut-butter\/\" \/>\n<meta property=\"og:locale\" content=\"vi_VN\" \/>\n<meta property=\"og:type\" content=\"article\" \/>\n<meta property=\"og:title\" content=\"Spicy Peanut Butter China Manufacturer OEM - Peanut Butter Factory\" \/>\n<meta property=\"og:description\" content=\"Leading spicy peanut butter OEM private label manufacturer and exporter. Order your premium quality, custom-made spicy peanut butter.\" \/>\n<meta property=\"og:url\" content=\"https:\/\/www.peanutoem.com\/vi\/manufacturer\/spicy-peanut-butter\/\" \/>\n<meta property=\"og:site_name\" content=\"Peanut Butter Factory\" \/>\n<meta property=\"article:modified_time\" content=\"2024-10-06T09:58:03+00:00\" \/>\n<meta property=\"og:image\" content=\"https:\/\/www.peanutoem.com\/wp-content\/uploads\/2024\/09\/Spicy-Peanut-Butter.webp\" \/>\n\t<meta property=\"og:image:width\" content=\"1000\" \/>\n\t<meta property=\"og:image:height\" content=\"1000\" \/>\n\t<meta property=\"og:image:type\" content=\"image\/webp\" \/>\n<meta name=\"twitter:card\" content=\"summary_large_image\" \/>\n<meta name=\"twitter:label1\" content=\"\u01af\u1edbc t\u00ednh th\u1eddi gian \u0111\u1ecdc\" \/>\n\t<meta name=\"twitter:data1\" content=\"4 ph\u00fat\" \/>\n<script type=\"application\/ld+json\" class=\"yoast-schema-graph\">{\"@context\":\"https:\/\/schema.org\",\"@graph\":[{\"@type\":\"WebPage\",\"@id\":\"https:\/\/www.peanutoem.com\/manufacturer\/spicy-peanut-butter\/\",\"url\":\"https:\/\/www.peanutoem.com\/manufacturer\/spicy-peanut-butter\/\",\"name\":\"Spicy Peanut Butter China Manufacturer OEM - Peanut Butter Factory\",\"isPartOf\":{\"@id\":\"https:\/\/www.peanutoem.com\/#website\"},\"primaryImageOfPage\":{\"@id\":\"https:\/\/www.peanutoem.com\/manufacturer\/spicy-peanut-butter\/#primaryimage\"},\"image\":{\"@id\":\"https:\/\/www.peanutoem.com\/manufacturer\/spicy-peanut-butter\/#primaryimage\"},\"thumbnailUrl\":\"https:\/\/www.peanutoem.com\/wp-content\/uploads\/2024\/09\/Spicy-Peanut-Butter.webp\",\"datePublished\":\"2024-09-10T12:28:30+00:00\",\"dateModified\":\"2024-10-06T09:58:03+00:00\",\"description\":\"Leading spicy peanut butter OEM private label manufacturer and exporter. Order your premium quality, custom-made spicy peanut butter.\",\"breadcrumb\":{\"@id\":\"https:\/\/www.peanutoem.com\/manufacturer\/spicy-peanut-butter\/#breadcrumb\"},\"inLanguage\":\"vi\",\"potentialAction\":[{\"@type\":\"ReadAction\",\"target\":[\"https:\/\/www.peanutoem.com\/manufacturer\/spicy-peanut-butter\/\"]}]},{\"@type\":\"ImageObject\",\"inLanguage\":\"vi\",\"@id\":\"https:\/\/www.peanutoem.com\/manufacturer\/spicy-peanut-butter\/#primaryimage\",\"url\":\"https:\/\/www.peanutoem.com\/wp-content\/uploads\/2024\/09\/Spicy-Peanut-Butter.webp\",\"contentUrl\":\"https:\/\/www.peanutoem.com\/wp-content\/uploads\/2024\/09\/Spicy-Peanut-Butter.webp\",\"width\":1000,\"height\":1000,\"caption\":\"Spicy Peanut Butter\"},{\"@type\":\"BreadcrumbList\",\"@id\":\"https:\/\/www.peanutoem.com\/manufacturer\/spicy-peanut-butter\/#breadcrumb\",\"itemListElement\":[{\"@type\":\"ListItem\",\"position\":1,\"name\":\"Home\",\"item\":\"https:\/\/www.peanutoem.com\/\"},{\"@type\":\"ListItem\",\"position\":2,\"name\":\"Products\",\"item\":\"https:\/\/www.peanutoem.com\/shop\/\"},{\"@type\":\"ListItem\",\"position\":3,\"name\":\"Spicy Peanut Butter\"}]},{\"@type\":\"WebSite\",\"@id\":\"https:\/\/www.peanutoem.com\/#website\",\"url\":\"https:\/\/www.peanutoem.com\/\",\"name\":\"Peanut Butter Factory\",\"description\":\"Peanut Butter Manufacturer and Roast Peanut OEM Factory | Peanut Private Label China Supplier\",\"publisher\":{\"@id\":\"https:\/\/www.peanutoem.com\/#organization\"},\"alternateName\":\"Peanut Butter OEM and Wholesale\",\"potentialAction\":[{\"@type\":\"SearchAction\",\"target\":{\"@type\":\"EntryPoint\",\"urlTemplate\":\"https:\/\/www.peanutoem.com\/?s={search_term_string}\"},\"query-input\":{\"@type\":\"PropertyValueSpecification\",\"valueRequired\":true,\"valueName\":\"search_term_string\"}}],\"inLanguage\":\"vi\"},{\"@type\":\"Organization\",\"@id\":\"https:\/\/www.peanutoem.com\/#organization\",\"name\":\"Peanut Butter Factory\",\"alternateName\":\"JuFeng Group\",\"url\":\"https:\/\/www.peanutoem.com\/\",\"logo\":{\"@type\":\"ImageObject\",\"inLanguage\":\"vi\",\"@id\":\"https:\/\/www.peanutoem.com\/#\/schema\/logo\/image\/\",\"url\":\"https:\/\/www.peanutoem.com\/wp-content\/uploads\/2024\/09\/JUFENG-LOGO.png\",\"contentUrl\":\"https:\/\/www.peanutoem.com\/wp-content\/uploads\/2024\/09\/JUFENG-LOGO.png\",\"width\":600,\"height\":170,\"caption\":\"Peanut Butter Factory\"},\"image\":{\"@id\":\"https:\/\/www.peanutoem.com\/#\/schema\/logo\/image\/\"}}]}<\/script>\n<!-- \/ Yoast SEO plugin. -->","yoast_head_json":{"title":"Spicy Peanut Butter China Manufacturer OEM - Peanut Butter Factory","description":"Leading spicy peanut butter OEM private label manufacturer and exporter. Order your premium quality, custom-made spicy peanut butter.","robots":{"index":"index","follow":"follow","max-snippet":"max-snippet:-1","max-image-preview":"max-image-preview:large","max-video-preview":"max-video-preview:-1"},"canonical":"https:\/\/www.peanutoem.com\/vi\/manufacturer\/spicy-peanut-butter\/","og_locale":"vi_VN","og_type":"article","og_title":"Spicy Peanut Butter China Manufacturer OEM - Peanut Butter Factory","og_description":"Leading spicy peanut butter OEM private label manufacturer and exporter. Order your premium quality, custom-made spicy peanut butter.","og_url":"https:\/\/www.peanutoem.com\/vi\/manufacturer\/spicy-peanut-butter\/","og_site_name":"Peanut Butter Factory","article_modified_time":"2024-10-06T09:58:03+00:00","og_image":[{"width":1000,"height":1000,"url":"https:\/\/www.peanutoem.com\/wp-content\/uploads\/2024\/09\/Spicy-Peanut-Butter.webp","type":"image\/webp"}],"twitter_card":"summary_large_image","twitter_misc":{"\u01af\u1edbc t\u00ednh th\u1eddi gian \u0111\u1ecdc":"4 ph\u00fat"},"schema":{"@context":"https:\/\/schema.org","@graph":[{"@type":"WebPage","@id":"https:\/\/www.peanutoem.com\/manufacturer\/spicy-peanut-butter\/","url":"https:\/\/www.peanutoem.com\/manufacturer\/spicy-peanut-butter\/","name":"Spicy Peanut Butter China Manufacturer OEM - Peanut Butter Factory","isPartOf":{"@id":"https:\/\/www.peanutoem.com\/#website"},"primaryImageOfPage":{"@id":"https:\/\/www.peanutoem.com\/manufacturer\/spicy-peanut-butter\/#primaryimage"},"image":{"@id":"https:\/\/www.peanutoem.com\/manufacturer\/spicy-peanut-butter\/#primaryimage"},"thumbnailUrl":"https:\/\/www.peanutoem.com\/wp-content\/uploads\/2024\/09\/Spicy-Peanut-Butter.webp","datePublished":"2024-09-10T12:28:30+00:00","dateModified":"2024-10-06T09:58:03+00:00","description":"Leading spicy peanut butter OEM private label manufacturer and exporter. Order your premium quality, custom-made spicy peanut butter.","breadcrumb":{"@id":"https:\/\/www.peanutoem.com\/manufacturer\/spicy-peanut-butter\/#breadcrumb"},"inLanguage":"vi","potentialAction":[{"@type":"ReadAction","target":["https:\/\/www.peanutoem.com\/manufacturer\/spicy-peanut-butter\/"]}]},{"@type":"ImageObject","inLanguage":"vi","@id":"https:\/\/www.peanutoem.com\/manufacturer\/spicy-peanut-butter\/#primaryimage","url":"https:\/\/www.peanutoem.com\/wp-content\/uploads\/2024\/09\/Spicy-Peanut-Butter.webp","contentUrl":"https:\/\/www.peanutoem.com\/wp-content\/uploads\/2024\/09\/Spicy-Peanut-Butter.webp","width":1000,"height":1000,"caption":"Spicy Peanut Butter"},{"@type":"BreadcrumbList","@id":"https:\/\/www.peanutoem.com\/manufacturer\/spicy-peanut-butter\/#breadcrumb","itemListElement":[{"@type":"ListItem","position":1,"name":"Home","item":"https:\/\/www.peanutoem.com\/"},{"@type":"ListItem","position":2,"name":"Products","item":"https:\/\/www.peanutoem.com\/shop\/"},{"@type":"ListItem","position":3,"name":"Spicy Peanut Butter"}]},{"@type":"WebSite","@id":"https:\/\/www.peanutoem.com\/#website","url":"https:\/\/www.peanutoem.com\/","name":"Peanut Butter Factory","description":"Peanut Butter Manufacturer and Roast Peanut OEM Factory | Peanut Private Label China Supplier","publisher":{"@id":"https:\/\/www.peanutoem.com\/#organization"},"alternateName":"Peanut Butter OEM and Wholesale","potentialAction":[{"@type":"SearchAction","target":{"@type":"EntryPoint","urlTemplate":"https:\/\/www.peanutoem.com\/?s={search_term_string}"},"query-input":{"@type":"PropertyValueSpecification","valueRequired":true,"valueName":"search_term_string"}}],"inLanguage":"vi"},{"@type":"Organization","@id":"https:\/\/www.peanutoem.com\/#organization","name":"Peanut Butter Factory","alternateName":"JuFeng Group","url":"https:\/\/www.peanutoem.com\/","logo":{"@type":"ImageObject","inLanguage":"vi","@id":"https:\/\/www.peanutoem.com\/#\/schema\/logo\/image\/","url":"https:\/\/www.peanutoem.com\/wp-content\/uploads\/2024\/09\/JUFENG-LOGO.png","contentUrl":"https:\/\/www.peanutoem.com\/wp-content\/uploads\/2024\/09\/JUFENG-LOGO.png","width":600,"height":170,"caption":"Peanut Butter Factory"},"image":{"@id":"https:\/\/www.peanutoem.com\/#\/schema\/logo\/image\/"}}]}},"_links":{"self":[{"href":"https:\/\/www.peanutoem.com\/vi\/wp-json\/wp\/v2\/product\/1637","targetHints":{"allow":["GET"]}}],"collection":[{"href":"https:\/\/www.peanutoem.com\/vi\/wp-json\/wp\/v2\/product"}],"about":[{"href":"https:\/\/www.peanutoem.com\/vi\/wp-json\/wp\/v2\/types\/product"}],"replies":[{"embeddable":true,"href":"https:\/\/www.peanutoem.com\/vi\/wp-json\/wp\/v2\/comments?post=1637"}],"wp:featuredmedia":[{"embeddable":true,"href":"https:\/\/www.peanutoem.com\/vi\/wp-json\/wp\/v2\/media\/1668"}],"wp:attachment":[{"href":"https:\/\/www.peanutoem.com\/vi\/wp-json\/wp\/v2\/media?parent=1637"}],"wp:term":[{"taxonomy":"product_cat","embeddable":true,"href":"https:\/\/www.peanutoem.com\/vi\/wp-json\/wp\/v2\/product_cat?post=1637"},{"taxonomy":"product_tag","embeddable":true,"href":"https:\/\/www.peanutoem.com\/vi\/wp-json\/wp\/v2\/product_tag?post=1637"}],"curies":[{"name":"wp","href":"https:\/\/api.w.org\/{rel}","templated":true}]}}