{"id":1638,"date":"2024-09-10T12:30:11","date_gmt":"2024-09-10T12:30:11","guid":{"rendered":"https:\/\/www.peanutoem.com\/?post_type=product&#038;p=1638"},"modified":"2024-10-06T09:55:00","modified_gmt":"2024-10-06T09:55:00","slug":"chocolate-peanut-butter","status":"publish","type":"product","link":"https:\/\/www.peanutoem.com\/vi\/manufacturer\/chocolate-peanut-butter\/","title":{"rendered":"B\u01a1 \u0111\u1eadu ph\u1ed9ng s\u00f4 c\u00f4 la"},"content":{"rendered":"<h3>B\u01a1 \u0111\u1eadu ph\u1ed9ng s\u00f4 c\u00f4 la l\u00e0 g\u00ec?<\/h3>\n<p>B\u01a1 \u0111\u1eadu ph\u1ed9ng s\u00f4 c\u00f4 la l\u00e0 s\u1ef1 k\u1ebft h\u1ee3p th\u01a1m ngon c\u1ee7a b\u01a1 \u0111\u1eadu ph\u1ed9ng b\u00e9o ng\u1eady v\u00e0 <a href=\"https:\/\/en.wikipedia.org\/wiki\/Chocolate\" target=\"_blank\" rel=\"noopener\">s\u00f4c\u00f4la<\/a>, t\u1ea1o ra m\u1ed9t lo\u1ea1i ph\u1ebft ng\u1ecdt v\u00e0 m\u1eb7n h\u1ea5p d\u1eabn nhi\u1ec1u s\u1edf th\u00edch v\u1ec1 h\u01b0\u01a1ng v\u1ecb. S\u1ef1 pha tr\u1ed9n h\u1ea5p d\u1eabn n\u00e0y ho\u00e0n h\u1ea3o \u0111\u1ec3 ph\u1ebft l\u00ean b\u00e1nh m\u00ec, d\u00f9ng trong m\u00f3n tr\u00e1ng mi\u1ec7ng ho\u1eb7c ch\u1ec9 \u0111\u01a1n gi\u1ea3n l\u00e0 th\u01b0\u1edfng th\u1ee9c b\u1eb1ng th\u00eca. S\u1ef1 k\u1ebft h\u1ee3p gi\u1eefa \u0111\u1eadu ph\u1ed9ng v\u00e0 s\u00f4 c\u00f4 la mang \u0111\u1ebfn m\u1ed9t m\u00f3n \u0103n c\u00e2n b\u1eb1ng l\u00e0m h\u00e0i l\u00f2ng c\u1ea3 nh\u1eefng ng\u01b0\u1eddi \u0111am m\u00ea b\u01a1 h\u1ea1t v\u00e0 nh\u1eefng ng\u01b0\u1eddi y\u00eau th\u00edch s\u00f4 c\u00f4 la.<\/p>\n<h3>T\u00ean g\u1ecdi kh\u00e1c c\u1ee7a S\u00f4c\u00f4la trong b\u01a1 \u0111\u1eadu ph\u1ed9ng l\u00e0 g\u00ec?<\/h3>\n<p>B\u01a1 \u0111\u1eadu ph\u1ed9ng s\u00f4 c\u00f4 la th\u01b0\u1eddng \u0111\u01b0\u1ee3c g\u1ecdi b\u1eb1ng nhi\u1ec1u t\u00ean kh\u00e1c nhau d\u1ef1a tr\u00ean h\u01b0\u01a1ng v\u1ecb v\u00e0 c\u00e1ch s\u1eed d\u1ee5ng. M\u1ed9t s\u1ed1 t\u00ean thay th\u1ebf bao g\u1ed3m:<\/p>\n<ul>\n<li>B\u01a1 \u0111\u1eadu ph\u1ed9ng h\u01b0\u01a1ng s\u00f4 c\u00f4 la<\/li>\n<li>B\u01a1 \u0111\u1eadu ph\u1ed9ng ca cao ph\u1ebft<\/li>\n<li>B\u01a1 \u0111\u1eadu ph\u1ed9ng ca cao<\/li>\n<li>B\u01a1 \u0111\u1eadu ph\u1ed9ng s\u00f4 c\u00f4 la<\/li>\n<li>B\u01a1 \u0111\u1eadu ph\u1ed9ng v\u1edbi s\u00f4 c\u00f4 la<\/li>\n<li>B\u01a1 s\u00f4 c\u00f4 la h\u1ea1t<\/li>\n<li>B\u01a1 \u0111\u1eadu ph\u1ed9ng ng\u00e2m s\u00f4 c\u00f4 la<\/li>\n<li>B\u01a1 s\u00f4 c\u00f4 la h\u1ea1t<\/li>\n<\/ul>\n<p>Nh\u1eefng c\u00e1i t\u00ean n\u00e0y l\u00e0m n\u1ed5i b\u1eadt s\u1ef1 k\u1ebft h\u1ee3p th\u00fa v\u1ecb gi\u1eefa s\u00f4 c\u00f4 la v\u00e0 b\u01a1 \u0111\u1eadu ph\u1ed9ng, khi\u1ebfn s\u1ea3n ph\u1ea9m h\u1ea5p d\u1eabn ng\u01b0\u1eddi ti\u00eau d\u00f9ng tr\u00ean nhi\u1ec1u th\u1ecb tr\u01b0\u1eddng kh\u00e1c nhau.<\/p>\n<h3><img loading=\"lazy\" decoding=\"async\" class=\"alignnone wp-image-1682 size-full\" src=\"https:\/\/www.peanutoem.com\/wp-content\/uploads\/2024\/09\/Chocolate-Peanut-Butter-on-Bread.webp\" alt=\"B\u01a1 \u0111\u1eadu ph\u1ed9ng s\u00f4 c\u00f4 la tr\u00ean b\u00e1nh m\u00ec\" width=\"912\" height=\"1144\" srcset=\"https:\/\/www.peanutoem.com\/wp-content\/uploads\/2024\/09\/Chocolate-Peanut-Butter-on-Bread.webp 912w, https:\/\/www.peanutoem.com\/wp-content\/uploads\/2024\/09\/Chocolate-Peanut-Butter-on-Bread-239x300.webp 239w, https:\/\/www.peanutoem.com\/wp-content\/uploads\/2024\/09\/Chocolate-Peanut-Butter-on-Bread-816x1024.webp 816w, https:\/\/www.peanutoem.com\/wp-content\/uploads\/2024\/09\/Chocolate-Peanut-Butter-on-Bread-768x963.webp 768w, https:\/\/www.peanutoem.com\/wp-content\/uploads\/2024\/09\/Chocolate-Peanut-Butter-on-Bread-10x12.webp 10w, https:\/\/www.peanutoem.com\/wp-content\/uploads\/2024\/09\/Chocolate-Peanut-Butter-on-Bread-600x753.webp 600w\" sizes=\"auto, (max-width: 912px) 100vw, 912px\" \/><\/h3>\n<h3>T\u1ea1i sao n\u00ean ch\u1ecdn ch\u00fang t\u00f4i l\u00e0m nh\u00e0 cung c\u1ea5p \u0111\u1ed1i t\u00e1c c\u1ee7a b\u1ea1n?<\/h3>\n<p>Ch\u00fang t\u00f4i l\u00e0 nh\u00e0 s\u1ea3n xu\u1ea5t v\u00e0 xu\u1ea5t kh\u1ea9u nh\u00e3n hi\u1ec7u ri\u00eang OEM h\u00e0ng \u0111\u1ea7u v\u1ec1 b\u01a1 \u0111\u1eadu ph\u1ed9ng s\u00f4 c\u00f4 la.<\/p>\n<ul>\n<li><strong>Chuy\u00ean m\u00f4n t\u00f9y ch\u1ec9nh:<\/strong> Ch\u00fang t\u00f4i cung c\u1ea5p c\u00e1c c\u00f4ng th\u1ee9c ho\u00e0n to\u00e0n t\u00f9y ch\u1ec9nh \u0111\u1ec3 ph\u00f9 h\u1ee3p v\u1edbi kh\u1ea9u v\u1ecb, k\u1ebft c\u1ea5u v\u00e0 y\u00eau c\u1ea7u \u0111\u00f3ng g\u00f3i c\u1ee5 th\u1ec3 c\u1ee7a b\u1ea1n.<\/li>\n<li><strong>Th\u00e0nh ph\u1ea7n cao c\u1ea5p:<\/strong> Ch\u1ec9 s\u1eed d\u1ee5ng \u0111\u1eadu ph\u1ed9ng v\u00e0 s\u00f4-c\u00f4-la ch\u1ea5t l\u01b0\u1ee3ng t\u1ed1t nh\u1ea5t.<\/li>\n<li><strong>S\u1ea3n xu\u1ea5t ti\u00ean ti\u1ebfn:<\/strong> C\u01a1 s\u1edf v\u1eadt ch\u1ea5t hi\u1ec7n \u0111\u1ea1i c\u1ee7a ch\u00fang t\u00f4i \u0111\u01b0\u1ee3c trang b\u1ecb d\u00e2y chuy\u1ec1n s\u1ea3n xu\u1ea5t ti\u00ean ti\u1ebfn t\u1eeb Hoa K\u1ef3, \u0111\u1ea3m b\u1ea3o ch\u1ea5t l\u01b0\u1ee3ng v\u00e0 hi\u1ec7u qu\u1ea3 \u0111\u1ed3ng nh\u1ea5t trong t\u1eebng l\u00f4 h\u00e0ng.<\/li>\n<li><strong>Ch\u1ee9ng nh\u1eadn v\u00e0 \u0111\u1ea3m b\u1ea3o ch\u1ea5t l\u01b0\u1ee3ng:<\/strong> Ch\u00fang t\u00f4i c\u00f3 nhi\u1ec1u ch\u1ee9ng nh\u1eadn kh\u00e1c nhau, bao g\u1ed3m BRCGS, Kosher, Halal v\u00e0 HACCP, \u0111\u1ea3m b\u1ea3o tu\u00e2n th\u1ee7 c\u00e1c ti\u00eau chu\u1ea9n ch\u1ea5t l\u01b0\u1ee3ng v\u00e0 an to\u00e0n qu\u1ed1c t\u1ebf.<\/li>\n<li><strong>Ph\u00e2n ph\u1ed1i to\u00e0n c\u1ea7u:<\/strong> V\u1edbi kinh nghi\u1ec7m s\u00e2u r\u1ed9ng trong th\u01b0\u01a1ng m\u1ea1i qu\u1ed1c t\u1ebf, ch\u00fang t\u00f4i xu\u1ea5t kh\u1ea9u b\u01a1 \u0111\u1eadu ph\u1ed9ng s\u00f4 c\u00f4 la sang c\u00e1c th\u1ecb tr\u01b0\u1eddng tr\u00ean to\u00e0n th\u1ebf gi\u1edbi, \u0111\u1ea3m b\u1ea3o h\u1eadu c\u1ea7n th\u00f4ng su\u1ed1t v\u00e0 giao h\u00e0ng \u0111\u00fang h\u1ea1n.<\/li>\n<\/ul>\n<h3>Ch\u1ee7 \u0111\u1ec1 n\u00f3ng<\/h3>\n<div class=\"group\/conversation-turn relative flex w-full min-w-0 flex-col agent-turn\">\n<div class=\"flex-col gap-1 md:gap-3\">\n<div class=\"flex max-w-full flex-col flex-grow\">\n<div class=\"min-h-8 text-message flex w-full flex-col items-end gap-2 whitespace-normal break-words [.text-message+&amp;]:mt-5\" dir=\"auto\" data-message-author-role=\"assistant\" data-message-id=\"61c5f9c1-377c-4081-b461-888734723e68\">\n<div class=\"flex w-full flex-col gap-1 empty:hidden first:pt-[3px]\">\n<div class=\"markdown prose w-full break-words dark:prose-invert dark\">\n<ul>\n<li><span style=\"color: #282828;\"><strong>Trong m\u00f3n tr\u00e1ng mi\u1ec7ng<\/strong><\/span><br \/>\n<span style=\"color: #282828;\">B\u01a1 \u0111\u1eadu ph\u1ed9ng v\u1edbi s\u00f4 c\u00f4 la \u0111\u00f3ng vai tr\u00f2 l\u00e0 m\u1ed9t th\u00e0nh ph\u1ea7n \u0111a n\u0103ng gi\u00fap t\u0103ng \u0111\u00e1ng k\u1ec3 ch\u1ea5t l\u01b0\u1ee3ng v\u00e0 h\u01b0\u01a1ng v\u1ecb c\u1ee7a c\u00e1c m\u00f3n tr\u00e1ng mi\u1ec7ng nh\u01b0 b\u00e1nh ng\u1ecdt, b\u00e1nh brownie v\u00e0 kem. K\u1ebft c\u1ea5u kem v\u00e0 h\u01b0\u01a1ng v\u1ecb \u0111\u1eadm \u0111\u00e0 c\u1ee7a n\u00f3 l\u00e0m cho n\u00f3 tr\u1edf th\u00e0nh m\u1ed9t ng\u01b0\u1eddi b\u1ea1n \u0111\u1ed3ng h\u00e0nh tuy\u1ec7t v\u1eddi cho c\u00e1c lo\u1ea1i b\u00e1nh n\u01b0\u1edbng v\u00e0 b\u00e1nh k\u1eb9o.<\/span><\/li>\n<li><span style=\"color: #282828;\"><strong>L\u1ee3i \u00edch s\u1ee9c kh\u1ecfe<\/strong><\/span><br \/>\n<span style=\"color: #282828;\">Ngo\u00e0i h\u01b0\u01a1ng v\u1ecb th\u01a1m ngon kh\u00f4ng th\u1ec3 c\u01b0\u1ee1ng l\u1ea1i, lo\u1ea1i b\u01a1 n\u00e0y c\u00f2n gi\u00e0u protein, ch\u1ea5t b\u00e9o l\u00e0nh m\u1ea1nh v\u00e0 ch\u1ea5t x\u01a1, cung c\u1ea5p dinh d\u01b0\u1ee1ng h\u1ed7 tr\u1ee3 cho c\u01a1 th\u1ec3. Khi ch\u1ebf bi\u1ebfn b\u1eb1ng s\u00f4 c\u00f4 la \u0111en, n\u00f3 b\u1ed5 sung th\u00eam \u0111\u1eb7c t\u00ednh ch\u1ed1ng oxy h\u00f3a, mang l\u1ea1i cho s\u1ea3n ph\u1ea9m s\u1ee9c h\u1ea5p d\u1eabn l\u00e0nh m\u1ea1nh thu h\u00fat ng\u01b0\u1eddi ti\u00eau d\u00f9ng quan t\u00e2m \u0111\u1ebfn s\u1ee9c kh\u1ecfe.<\/span><\/li>\n<li><span style=\"color: #282828;\"><strong>S\u1ef1 ph\u1ed5 bi\u1ebfn to\u00e0n c\u1ea7u<\/strong><\/span><br \/>\n<span style=\"color: #282828;\">Khi ng\u01b0\u1eddi ti\u00eau d\u00f9ng ng\u00e0y c\u00e0ng t\u00ecm ki\u1ebfm \u0111\u1ed3 \u0103n nh\u1eb9 th\u1ecfa m\u00e3n v\u1ecb gi\u00e1c c\u1ee7a h\u1ecd \u0111\u1ed3ng th\u1eddi c\u0169ng b\u1ed5 d\u01b0\u1ee1ng, b\u01a1 \u0111\u1eadu ph\u1ed9ng s\u00f4 c\u00f4 la \u0111\u00e3 tr\u1edf n\u00ean v\u00f4 c\u00f9ng ph\u1ed5 bi\u1ebfn tr\u00ean th\u1ecb tr\u01b0\u1eddng to\u00e0n c\u1ea7u. N\u00f3 k\u1ebft h\u1ee3p th\u00e0nh c\u00f4ng h\u01b0\u01a1ng v\u1ecb v\u00e0 dinh d\u01b0\u1ee1ng, nh\u1eadn \u0111\u01b0\u1ee3c s\u1ef1 ng\u01b0\u1ee1ng m\u1ed9 r\u1ed9ng r\u00e3i t\u1eeb c\u1ea3 tr\u1ebb em v\u00e0 ng\u01b0\u1eddi l\u1edbn.<\/span><\/li>\n<li><span style=\"color: #282828;\"><strong>S\u1eed d\u1ee5ng s\u00e1ng t\u1ea1o<\/strong><\/span><br \/>\n<span style=\"color: #282828;\">Ngo\u00e0i c\u00e1c m\u00f3n \u0103n truy\u1ec1n th\u1ed1ng nh\u01b0 b\u00e1nh m\u00ec n\u01b0\u1edbng ho\u1eb7c b\u00e1nh sandwich, th\u00e0nh ph\u1ea7n n\u00e0y c\u00f3 th\u1ec3 \u0111\u01b0\u1ee3c k\u1ebft h\u1ee3p s\u00e1ng t\u1ea1o v\u00e0o sinh t\u1ed1, thanh n\u0103ng l\u01b0\u1ee3ng ho\u1eb7c d\u00f9ng l\u00e0m nh\u00e2n b\u00e1nh ng\u1ecdt. Kh\u1ea3 n\u0103ng th\u00edch \u1ee9ng h\u01b0\u01a1ng v\u1ecb \u0111\u1ed9c \u0111\u00e1o c\u1ee7a n\u00f3 cho ph\u00e9p n\u00f3 t\u1ecfa s\u00e1ng trong c\u1ea3 c\u00e1c m\u00f3n \u0103n ng\u1ecdt v\u00e0 m\u1eb7n, khi\u1ebfn n\u00f3 tr\u1edf th\u00e0nh m\u00f3n \u0103n ch\u00ednh trong nhi\u1ec1u c\u0103n b\u1ebfp gia \u0111\u00ecnh.<\/span><\/li>\n<\/ul>\n<\/div>\n<\/div>\n<\/div>\n<\/div>\n<\/div>\n<\/div>\n<hr \/>\n<h3><img loading=\"lazy\" decoding=\"async\" class=\"alignnone wp-image-1683 size-full\" src=\"https:\/\/www.peanutoem.com\/wp-content\/uploads\/2024\/09\/Chocolate-Peanut-Butter-Served.webp\" alt=\"B\u01a1 \u0111\u1eadu ph\u1ed9ng s\u00f4 c\u00f4 la ph\u1ee5c v\u1ee5\" width=\"896\" height=\"1152\" srcset=\"https:\/\/www.peanutoem.com\/wp-content\/uploads\/2024\/09\/Chocolate-Peanut-Butter-Served.webp 896w, https:\/\/www.peanutoem.com\/wp-content\/uploads\/2024\/09\/Chocolate-Peanut-Butter-Served-233x300.webp 233w, https:\/\/www.peanutoem.com\/wp-content\/uploads\/2024\/09\/Chocolate-Peanut-Butter-Served-796x1024.webp 796w, https:\/\/www.peanutoem.com\/wp-content\/uploads\/2024\/09\/Chocolate-Peanut-Butter-Served-768x987.webp 768w, https:\/\/www.peanutoem.com\/wp-content\/uploads\/2024\/09\/Chocolate-Peanut-Butter-Served-9x12.webp 9w, https:\/\/www.peanutoem.com\/wp-content\/uploads\/2024\/09\/Chocolate-Peanut-Butter-Served-600x771.webp 600w\" sizes=\"auto, (max-width: 896px) 100vw, 896px\" \/><\/h3>\n<h3>C\u00e2u h\u1ecfi th\u01b0\u1eddng g\u1eb7p v\u1ec1 b\u01a1 \u0111\u1eadu ph\u1ed9ng s\u00f4 c\u00f4 la<\/h3>\n<ol>\n<li><strong>L\u00e0 nh\u00e0 s\u1ea3n xu\u1ea5t OEM h\u00e0ng \u0111\u1ea7u, l\u1ee3i th\u1ebf c\u1ea1nh tranh c\u1ed1t l\u00f5i c\u1ee7a b\u1ea1n l\u00e0 g\u00ec?<\/strong><br \/>\nCh\u00fang t\u00f4i n\u1ed5i b\u1eadt v\u00ec ch\u00fang t\u00f4i cung c\u1ea5p c\u00e1c d\u1ecbch v\u1ee5 t\u00f9y ch\u1ec9nh \u0111a d\u1ea1ng, l\u1ef1a ch\u1ecdn c\u00e1c th\u00e0nh ph\u1ea7n ch\u1ea5t l\u01b0\u1ee3ng cao v\u00e0 s\u1eed d\u1ee5ng c\u00f4ng ngh\u1ec7 s\u1ea3n xu\u1ea5t ti\u00ean ti\u1ebfn. \u0110i\u1ec1u n\u00e0y \u0111\u1ea3m b\u1ea3o r\u1eb1ng m\u1ed7i l\u00f4 b\u01a1 \u0111\u1eadu ph\u1ed9ng \u0111\u1ec1u v\u01b0\u1ee3t tr\u1ed9i tr\u00ean th\u1ecb tr\u01b0\u1eddng v\u00e0 \u0111\u00e1p \u1ee9ng nhu c\u1ea7u ri\u00eang bi\u1ec7t c\u1ee7a kh\u00e1ch h\u00e0ng.<\/li>\n<li><strong>B\u1ea1n c\u00f3 th\u1ec3 \u0111i\u1ec1u ch\u1ec9nh t\u1ef7 l\u1ec7 s\u00f4 c\u00f4 la v\u00e0 \u0111\u1eadu ph\u1ed9ng theo th\u00f4ng s\u1ed1 k\u1ef9 thu\u1eadt c\u1ee7a t\u00f4i v\u00e0 t\u1ea1o ra c\u00f4ng th\u1ee9c ri\u00eang cho th\u01b0\u01a1ng hi\u1ec7u c\u1ee7a t\u00f4i kh\u00f4ng?<\/strong><br \/>\nCh\u1eafc ch\u1eafn r\u1ed3i! Ch\u00fang t\u00f4i cung c\u1ea5p d\u1ecbch v\u1ee5 t\u00f9y ch\u1ec9nh h\u01b0\u01a1ng v\u1ecb to\u00e0n di\u1ec7n \u0111\u1ec3 gi\u00fap b\u1ea1n t\u00ecm \u0111\u01b0\u1ee3c s\u1ef1 c\u00e2n b\u1eb1ng ho\u00e0n h\u1ea3o gi\u1eefa s\u00f4 c\u00f4 la v\u00e0 \u0111\u1eadu ph\u1ed9ng, \u0111\u1ed3ng th\u1eddi ph\u00e1t tri\u1ec3n c\u00f4ng th\u1ee9c \u0111\u1ed9c \u0111\u00e1o gi\u00fap t\u0103ng kh\u1ea3 n\u0103ng c\u1ea1nh tranh tr\u00ean th\u1ecb tr\u01b0\u1eddng cho th\u01b0\u01a1ng hi\u1ec7u c\u1ee7a b\u1ea1n.<\/li>\n<li><strong>B\u1ea1n cung c\u1ea5p nh\u1eefng l\u1ef1a ch\u1ecdn \u0111\u00f3ng g\u00f3i n\u00e0o?<\/strong><br \/>\nCh\u00fang t\u00f4i cung c\u1ea5p nhi\u1ec1u gi\u1ea3i ph\u00e1p \u0111\u00f3ng g\u00f3i, bao g\u1ed3m l\u1ecd trang nh\u00e3, t\u00fai b\u00f3p ti\u1ec7n l\u1ee3i v\u00e0 th\u00f9ng ch\u1ee9a l\u1edbn ph\u00f9 h\u1ee3p \u0111\u1ec3 l\u01b0u tr\u1eef quy m\u00f4 l\u1edbn. T\u1ea5t c\u1ea3 bao b\u00ec c\u00f3 th\u1ec3 \u0111\u01b0\u1ee3c c\u00e1 nh\u00e2n h\u00f3a \u0111\u1ec3 ph\u1ea3n \u00e1nh b\u1ea3n s\u1eafc th\u01b0\u01a1ng hi\u1ec7u v\u00e0 chi\u1ebfn l\u01b0\u1ee3c ti\u1ebfp th\u1ecb c\u1ee7a b\u1ea1n.<\/li>\n<li><strong>B\u1ea1n c\u00f3 cung c\u1ea5p b\u01a1 \u0111\u1eadu ph\u1ed9ng s\u00f4 c\u00f4 la h\u1eefu c\u01a1 kh\u00f4ng v\u00e0 b\u1ea1n \u0111\u1ea3m b\u1ea3o ch\u1ea5t l\u01b0\u1ee3ng s\u1ea3n ph\u1ea9m nh\u01b0 th\u1ebf n\u00e0o?<\/strong><br \/>\nC\u00f3, ch\u00fang t\u00f4i s\u1ea3n xu\u1ea5t b\u01a1 \u0111\u1eadu ph\u1ed9ng \u0111\u01b0\u1ee3c ch\u1ee9ng nh\u1eadn h\u1eefu c\u01a1 EU, \u0111\u01b0\u1ee3c l\u00e0m t\u1eeb c\u00e1c th\u00e0nh ph\u1ea7n \u0111\u00e1p \u1ee9ng c\u00e1c ti\u00eau chu\u1ea9n h\u1eefu c\u01a1. Ngo\u00e0i ra, ch\u00fang t\u00f4i \u0111\u00e3 thi\u1ebft l\u1eadp m\u1ed9t h\u1ec7 th\u1ed1ng qu\u1ea3n l\u00fd ch\u1ea5t l\u01b0\u1ee3ng nghi\u00eam ng\u1eb7t, bao g\u1ed3m th\u1eed nghi\u1ec7m trong ph\u00f2ng th\u00ed nghi\u1ec7m t\u1ea1i ch\u1ed7, \u0111\u1ec3 \u0111\u1ea3m b\u1ea3o r\u1eb1ng m\u1ed7i l\u00f4 h\u00e0ng \u0111\u1ec1u \u0111\u00e1p \u1ee9ng c\u00e1c ti\u00eau chu\u1ea9n cao nh\u1ea5t v\u1ec1 h\u01b0\u01a1ng v\u1ecb, k\u1ebft c\u1ea5u v\u00e0 an to\u00e0n.<\/li>\n<li><strong>T\u00f4i c\u00f3 th\u1ec3 y\u00eau c\u1ea7u m\u1eabu \u0111\u1ec3 n\u1ebfm th\u1eed tr\u01b0\u1edbc khi \u0111\u1eb7t h\u00e0ng s\u1ed1 l\u01b0\u1ee3ng l\u1edbn kh\u00f4ng v\u00e0 b\u1ea1n c\u00f3 h\u1ed7 tr\u1ee3 xu\u1ea5t kh\u1ea9u to\u00e0n c\u1ea7u kh\u00f4ng?<\/strong><br \/>\nCh\u1eafc ch\u1eafn r\u1ed3i! Ch\u00fang t\u00f4i r\u1ea5t vui khi cung c\u1ea5p c\u00e1c l\u00f4 h\u00e0ng m\u1eabu \u0111\u1ec3 b\u1ea1n \u0111\u00e1nh gi\u00e1 tr\u01b0\u1edbc khi s\u1ea3n xu\u1ea5t ho\u00e0n ch\u1ec9nh. H\u01a1n n\u1eefa, ch\u00fang t\u00f4i c\u00f3 nhi\u1ec1u kinh nghi\u1ec7m trong xu\u1ea5t kh\u1ea9u to\u00e0n c\u1ea7u, \u0111\u1ea3m b\u1ea3o s\u1ea3n ph\u1ea9m c\u1ee7a b\u1ea1n \u0111\u1ebfn n\u01a1i an to\u00e0n v\u00e0 \u0111\u00fang h\u1ea1n tr\u00ean to\u00e0n th\u1ebf gi\u1edbi.<\/li>\n<\/ol>\n<a href=\"mailto:globepeanut@gmail.com\" class=\"button primary is-primary is-medium\"  >\n    <span>G\u1eedi Email Cho Ch\u00fang T\u00f4i<\/span>\n  <\/a>","protected":false},"excerpt":{"rendered":"<table width=\"564\">\n<tbody>\n<tr>\n<td width=\"113\"><strong>T\u00ean s\u1ea3n ph\u1ea9m<\/strong><\/td>\n<td width=\"402\">B\u01a1 \u0111\u1eadu ph\u1ed9ng s\u00f4 c\u00f4 la<\/td>\n<\/tr>\n<tr>\n<td width=\"113\"><strong>Th\u00f4ng s\u1ed1 k\u1ef9 thu\u1eadt<\/strong><\/td>\n<td width=\"402\">200gx36, 227gx24, 340gx12, 375gx12, 500gx12, 510gx12, 1kgx12, 10kgx1, 20kgx1, 220kgx1<\/td>\n<\/tr>\n<tr>\n<td width=\"113\"><strong>Bi\u1ec3u m\u1eabu \u0111\u00f3ng g\u00f3i<\/strong><\/td>\n<td width=\"402\">H\u0169, X\u00f4, G\u00f3i Doy, T\u00fai, Th\u00f9ng c\u00e1c t\u00f4ng, Thi\u1ebfc, Th\u00f9ng, Lon, Chai, v.v.<\/td>\n<\/tr>\n<tr>\n<td width=\"113\"><strong>Th\u1eddi gian giao h\u00e0ng<\/strong><\/td>\n<td width=\"402\">7~20 ng\u00e0y sau khi \u0111\u1eb7t h\u00e0ng<\/td>\n<\/tr>\n<tr>\n<td width=\"113\"><strong>S\u1ed1 l\u01b0\u1ee3ng \u0111\u1eb7t h\u00e0ng t\u1ed1i thi\u1ec3u<\/strong><\/td>\n<td width=\"402\">M\u1ed9t t\u1ea5n<\/td>\n<\/tr>\n<tr>\n<td width=\"113\"><strong>V\u1eadt m\u1eabu<\/strong><\/td>\n<td width=\"402\">M\u1eabu mi\u1ec5n ph\u00ed c\u00f3 s\u1eb5n<\/td>\n<\/tr>\n<tr>\n<td width=\"113\"><strong>OEM<\/strong><\/td>\n<td width=\"402\">Nh\u00e3n c\u1ee7a ng\u01b0\u1eddi mua \u0111\u01b0\u1ee3c ch\u1ea5p nh\u1eadn<\/td>\n<\/tr>\n<\/tbody>\n<\/table>\n<p>&nbsp;<\/p>","protected":false},"featured_media":1671,"comment_status":"open","ping_status":"closed","template":"","meta":[],"product_cat":[15],"product_tag":[],"class_list":{"0":"post-1638","1":"product","2":"type-product","3":"status-publish","4":"has-post-thumbnail","6":"product_cat-peanut-butter","8":"first","9":"instock","10":"shipping-taxable","11":"product-type-simple"},"yoast_head":"<!-- This site is optimized with the Yoast SEO plugin v24.9 - https:\/\/yoast.com\/wordpress\/plugins\/seo\/ -->\n<title>Chocolate Peanut Butter Manufacturer OEM - China Peanut Butter Factory<\/title>\n<meta name=\"description\" content=\"Leading chocolate peanut butter OEM private label manufacturer and exporter. Discover premium, customized chocolate peanut butter from us.\" \/>\n<meta name=\"robots\" content=\"index, follow, max-snippet:-1, max-image-preview:large, max-video-preview:-1\" \/>\n<link rel=\"canonical\" href=\"https:\/\/www.peanutoem.com\/vi\/manufacturer\/chocolate-peanut-butter\/\" \/>\n<meta property=\"og:locale\" content=\"vi_VN\" \/>\n<meta property=\"og:type\" content=\"article\" \/>\n<meta property=\"og:title\" content=\"Chocolate Peanut Butter Manufacturer OEM - China Peanut Butter Factory\" \/>\n<meta property=\"og:description\" content=\"Leading chocolate peanut butter OEM private label manufacturer and exporter. Discover premium, customized chocolate peanut butter from us.\" \/>\n<meta property=\"og:url\" content=\"https:\/\/www.peanutoem.com\/vi\/manufacturer\/chocolate-peanut-butter\/\" \/>\n<meta property=\"og:site_name\" content=\"Peanut Butter Factory\" \/>\n<meta property=\"article:modified_time\" content=\"2024-10-06T09:55:00+00:00\" \/>\n<meta property=\"og:image\" content=\"https:\/\/www.peanutoem.com\/wp-content\/uploads\/2024\/09\/Peanut-Butter-Chocolate-Flavor.webp\" \/>\n\t<meta property=\"og:image:width\" content=\"819\" \/>\n\t<meta property=\"og:image:height\" content=\"975\" \/>\n\t<meta property=\"og:image:type\" content=\"image\/webp\" \/>\n<meta name=\"twitter:card\" content=\"summary_large_image\" \/>\n<meta name=\"twitter:label1\" content=\"\u01af\u1edbc t\u00ednh th\u1eddi gian \u0111\u1ecdc\" \/>\n\t<meta name=\"twitter:data1\" content=\"4 ph\u00fat\" \/>\n<script type=\"application\/ld+json\" class=\"yoast-schema-graph\">{\"@context\":\"https:\/\/schema.org\",\"@graph\":[{\"@type\":\"WebPage\",\"@id\":\"https:\/\/www.peanutoem.com\/manufacturer\/chocolate-peanut-butter\/\",\"url\":\"https:\/\/www.peanutoem.com\/manufacturer\/chocolate-peanut-butter\/\",\"name\":\"Chocolate Peanut Butter Manufacturer OEM - China Peanut Butter Factory\",\"isPartOf\":{\"@id\":\"https:\/\/www.peanutoem.com\/#website\"},\"primaryImageOfPage\":{\"@id\":\"https:\/\/www.peanutoem.com\/manufacturer\/chocolate-peanut-butter\/#primaryimage\"},\"image\":{\"@id\":\"https:\/\/www.peanutoem.com\/manufacturer\/chocolate-peanut-butter\/#primaryimage\"},\"thumbnailUrl\":\"https:\/\/www.peanutoem.com\/wp-content\/uploads\/2024\/09\/Peanut-Butter-Chocolate-Flavor.webp\",\"datePublished\":\"2024-09-10T12:30:11+00:00\",\"dateModified\":\"2024-10-06T09:55:00+00:00\",\"description\":\"Leading chocolate peanut butter OEM private label manufacturer and exporter. Discover premium, customized chocolate peanut butter from us.\",\"breadcrumb\":{\"@id\":\"https:\/\/www.peanutoem.com\/manufacturer\/chocolate-peanut-butter\/#breadcrumb\"},\"inLanguage\":\"vi\",\"potentialAction\":[{\"@type\":\"ReadAction\",\"target\":[\"https:\/\/www.peanutoem.com\/manufacturer\/chocolate-peanut-butter\/\"]}]},{\"@type\":\"ImageObject\",\"inLanguage\":\"vi\",\"@id\":\"https:\/\/www.peanutoem.com\/manufacturer\/chocolate-peanut-butter\/#primaryimage\",\"url\":\"https:\/\/www.peanutoem.com\/wp-content\/uploads\/2024\/09\/Peanut-Butter-Chocolate-Flavor.webp\",\"contentUrl\":\"https:\/\/www.peanutoem.com\/wp-content\/uploads\/2024\/09\/Peanut-Butter-Chocolate-Flavor.webp\",\"width\":819,\"height\":975,\"caption\":\"Peanut Butter Chocolate Flavor\"},{\"@type\":\"BreadcrumbList\",\"@id\":\"https:\/\/www.peanutoem.com\/manufacturer\/chocolate-peanut-butter\/#breadcrumb\",\"itemListElement\":[{\"@type\":\"ListItem\",\"position\":1,\"name\":\"Home\",\"item\":\"https:\/\/www.peanutoem.com\/\"},{\"@type\":\"ListItem\",\"position\":2,\"name\":\"Products\",\"item\":\"https:\/\/www.peanutoem.com\/shop\/\"},{\"@type\":\"ListItem\",\"position\":3,\"name\":\"Chocolate Peanut Butter\"}]},{\"@type\":\"WebSite\",\"@id\":\"https:\/\/www.peanutoem.com\/#website\",\"url\":\"https:\/\/www.peanutoem.com\/\",\"name\":\"Peanut Butter Factory\",\"description\":\"Peanut Butter Manufacturer and Roast Peanut OEM Factory | Peanut Private Label China Supplier\",\"publisher\":{\"@id\":\"https:\/\/www.peanutoem.com\/#organization\"},\"alternateName\":\"Peanut Butter OEM and Wholesale\",\"potentialAction\":[{\"@type\":\"SearchAction\",\"target\":{\"@type\":\"EntryPoint\",\"urlTemplate\":\"https:\/\/www.peanutoem.com\/?s={search_term_string}\"},\"query-input\":{\"@type\":\"PropertyValueSpecification\",\"valueRequired\":true,\"valueName\":\"search_term_string\"}}],\"inLanguage\":\"vi\"},{\"@type\":\"Organization\",\"@id\":\"https:\/\/www.peanutoem.com\/#organization\",\"name\":\"Peanut Butter Factory\",\"alternateName\":\"JuFeng Group\",\"url\":\"https:\/\/www.peanutoem.com\/\",\"logo\":{\"@type\":\"ImageObject\",\"inLanguage\":\"vi\",\"@id\":\"https:\/\/www.peanutoem.com\/#\/schema\/logo\/image\/\",\"url\":\"https:\/\/www.peanutoem.com\/wp-content\/uploads\/2024\/09\/JUFENG-LOGO.png\",\"contentUrl\":\"https:\/\/www.peanutoem.com\/wp-content\/uploads\/2024\/09\/JUFENG-LOGO.png\",\"width\":600,\"height\":170,\"caption\":\"Peanut Butter Factory\"},\"image\":{\"@id\":\"https:\/\/www.peanutoem.com\/#\/schema\/logo\/image\/\"}}]}<\/script>\n<!-- \/ Yoast SEO plugin. -->","yoast_head_json":{"title":"Chocolate Peanut Butter Manufacturer OEM - China Peanut Butter Factory","description":"Leading chocolate peanut butter OEM private label manufacturer and exporter. Discover premium, customized chocolate peanut butter from us.","robots":{"index":"index","follow":"follow","max-snippet":"max-snippet:-1","max-image-preview":"max-image-preview:large","max-video-preview":"max-video-preview:-1"},"canonical":"https:\/\/www.peanutoem.com\/vi\/manufacturer\/chocolate-peanut-butter\/","og_locale":"vi_VN","og_type":"article","og_title":"Chocolate Peanut Butter Manufacturer OEM - China Peanut Butter Factory","og_description":"Leading chocolate peanut butter OEM private label manufacturer and exporter. Discover premium, customized chocolate peanut butter from us.","og_url":"https:\/\/www.peanutoem.com\/vi\/manufacturer\/chocolate-peanut-butter\/","og_site_name":"Peanut Butter Factory","article_modified_time":"2024-10-06T09:55:00+00:00","og_image":[{"width":819,"height":975,"url":"https:\/\/www.peanutoem.com\/wp-content\/uploads\/2024\/09\/Peanut-Butter-Chocolate-Flavor.webp","type":"image\/webp"}],"twitter_card":"summary_large_image","twitter_misc":{"\u01af\u1edbc t\u00ednh th\u1eddi gian \u0111\u1ecdc":"4 ph\u00fat"},"schema":{"@context":"https:\/\/schema.org","@graph":[{"@type":"WebPage","@id":"https:\/\/www.peanutoem.com\/manufacturer\/chocolate-peanut-butter\/","url":"https:\/\/www.peanutoem.com\/manufacturer\/chocolate-peanut-butter\/","name":"Chocolate Peanut Butter Manufacturer OEM - China Peanut Butter Factory","isPartOf":{"@id":"https:\/\/www.peanutoem.com\/#website"},"primaryImageOfPage":{"@id":"https:\/\/www.peanutoem.com\/manufacturer\/chocolate-peanut-butter\/#primaryimage"},"image":{"@id":"https:\/\/www.peanutoem.com\/manufacturer\/chocolate-peanut-butter\/#primaryimage"},"thumbnailUrl":"https:\/\/www.peanutoem.com\/wp-content\/uploads\/2024\/09\/Peanut-Butter-Chocolate-Flavor.webp","datePublished":"2024-09-10T12:30:11+00:00","dateModified":"2024-10-06T09:55:00+00:00","description":"Leading chocolate peanut butter OEM private label manufacturer and exporter. Discover premium, customized chocolate peanut butter from us.","breadcrumb":{"@id":"https:\/\/www.peanutoem.com\/manufacturer\/chocolate-peanut-butter\/#breadcrumb"},"inLanguage":"vi","potentialAction":[{"@type":"ReadAction","target":["https:\/\/www.peanutoem.com\/manufacturer\/chocolate-peanut-butter\/"]}]},{"@type":"ImageObject","inLanguage":"vi","@id":"https:\/\/www.peanutoem.com\/manufacturer\/chocolate-peanut-butter\/#primaryimage","url":"https:\/\/www.peanutoem.com\/wp-content\/uploads\/2024\/09\/Peanut-Butter-Chocolate-Flavor.webp","contentUrl":"https:\/\/www.peanutoem.com\/wp-content\/uploads\/2024\/09\/Peanut-Butter-Chocolate-Flavor.webp","width":819,"height":975,"caption":"Peanut Butter Chocolate Flavor"},{"@type":"BreadcrumbList","@id":"https:\/\/www.peanutoem.com\/manufacturer\/chocolate-peanut-butter\/#breadcrumb","itemListElement":[{"@type":"ListItem","position":1,"name":"Home","item":"https:\/\/www.peanutoem.com\/"},{"@type":"ListItem","position":2,"name":"Products","item":"https:\/\/www.peanutoem.com\/shop\/"},{"@type":"ListItem","position":3,"name":"Chocolate Peanut Butter"}]},{"@type":"WebSite","@id":"https:\/\/www.peanutoem.com\/#website","url":"https:\/\/www.peanutoem.com\/","name":"Peanut Butter Factory","description":"Peanut Butter Manufacturer and Roast Peanut OEM Factory | Peanut Private Label China Supplier","publisher":{"@id":"https:\/\/www.peanutoem.com\/#organization"},"alternateName":"Peanut Butter OEM and Wholesale","potentialAction":[{"@type":"SearchAction","target":{"@type":"EntryPoint","urlTemplate":"https:\/\/www.peanutoem.com\/?s={search_term_string}"},"query-input":{"@type":"PropertyValueSpecification","valueRequired":true,"valueName":"search_term_string"}}],"inLanguage":"vi"},{"@type":"Organization","@id":"https:\/\/www.peanutoem.com\/#organization","name":"Peanut Butter Factory","alternateName":"JuFeng Group","url":"https:\/\/www.peanutoem.com\/","logo":{"@type":"ImageObject","inLanguage":"vi","@id":"https:\/\/www.peanutoem.com\/#\/schema\/logo\/image\/","url":"https:\/\/www.peanutoem.com\/wp-content\/uploads\/2024\/09\/JUFENG-LOGO.png","contentUrl":"https:\/\/www.peanutoem.com\/wp-content\/uploads\/2024\/09\/JUFENG-LOGO.png","width":600,"height":170,"caption":"Peanut Butter Factory"},"image":{"@id":"https:\/\/www.peanutoem.com\/#\/schema\/logo\/image\/"}}]}},"_links":{"self":[{"href":"https:\/\/www.peanutoem.com\/vi\/wp-json\/wp\/v2\/product\/1638","targetHints":{"allow":["GET"]}}],"collection":[{"href":"https:\/\/www.peanutoem.com\/vi\/wp-json\/wp\/v2\/product"}],"about":[{"href":"https:\/\/www.peanutoem.com\/vi\/wp-json\/wp\/v2\/types\/product"}],"replies":[{"embeddable":true,"href":"https:\/\/www.peanutoem.com\/vi\/wp-json\/wp\/v2\/comments?post=1638"}],"wp:featuredmedia":[{"embeddable":true,"href":"https:\/\/www.peanutoem.com\/vi\/wp-json\/wp\/v2\/media\/1671"}],"wp:attachment":[{"href":"https:\/\/www.peanutoem.com\/vi\/wp-json\/wp\/v2\/media?parent=1638"}],"wp:term":[{"taxonomy":"product_cat","embeddable":true,"href":"https:\/\/www.peanutoem.com\/vi\/wp-json\/wp\/v2\/product_cat?post=1638"},{"taxonomy":"product_tag","embeddable":true,"href":"https:\/\/www.peanutoem.com\/vi\/wp-json\/wp\/v2\/product_tag?post=1638"}],"curies":[{"name":"wp","href":"https:\/\/api.w.org\/{rel}","templated":true}]}}